{"id":9,"date":"2019-05-21T20:28:32","date_gmt":"2019-05-21T20:28:32","guid":{"rendered":"https:\/\/gpsites.co\/uno\/?page_id=7"},"modified":"2021-06-21T13:38:14","modified_gmt":"2021-06-21T13:38:14","slug":"home","status":"publish","type":"page","link":"https:\/\/sportskekladionice.online\/","title":{"rendered":"Sportske Kladionice Online 2021- Spisak Sportskih Kladionica"},"content":{"rendered":"\t\t<div data-elementor-type=\"wp-post\" data-elementor-id=\"9\" class=\"elementor elementor-9\" data-elementor-settings=\"[]\">\n\t\t\t\t\t\t\t<div class=\"elementor-section-wrap\">\n\t\t\t\t\t\t\t<section class=\"elementor-section elementor-top-section elementor-element elementor-element-8e608eb elementor-section-boxed elementor-section-height-default elementor-section-height-default\" data-id=\"8e608eb\" data-element_type=\"section\">\n\t\t\t\t\t\t<div class=\"elementor-container elementor-column-gap-default\">\n\t\t\t\t\t<div class=\"elementor-column elementor-col-100 elementor-top-column elementor-element elementor-element-b9645d8\" data-id=\"b9645d8\" data-element_type=\"column\">\n\t\t\t<div class=\"elementor-widget-wrap elementor-element-populated\">\n\t\t\t\t\t\t\t\t<div class=\"elementor-element elementor-element-c4996be elementor-widget elementor-widget-text-editor\" data-id=\"c4996be\" data-element_type=\"widget\" data-widget_type=\"text-editor.default\">\n\t\t\t\t<div class=\"elementor-widget-container\">\n\t\t\t\t\t\t\t\t<h1 class=\"p1\"><span class=\"s1\">Sportske Kladionice Online 2021- Spisak Sportskih Kladionica<\/span><\/h1><p class=\"p1\"><span class=\"s1\"><img loading=\"lazy\" decoding=\"async\" class=\"size-medium wp-image-267 alignright\" src=\"https:\/\/sportskekladionice.online\/wp-content\/uploads\/2021\/06\/kladenje-uzivo-300x150.png\" alt=\"Sportske Kladionice Online 2021- Spisak Sportskih Kladionica\" width=\"300\" height=\"150\" srcset=\"https:\/\/sportskekladionice.online\/wp-content\/uploads\/2021\/06\/kladenje-uzivo-300x150.png 300w, https:\/\/sportskekladionice.online\/wp-content\/uploads\/2021\/06\/kladenje-uzivo.png 765w\" sizes=\"auto, (max-width: 300px) 100vw, 300px\" \/>U modernom svetu danas je sve na klik dostupno. Sa pomeranjem tr\u017ei\u0161ta na svim poljima i svet igara na sre\u0107u je oti\u0161ao u tom pravcu. Tradicionalni na\u010dini kla\u0111enja, uplata i isplata su odve\u0107 prevazi\u0111eni te su zamenjeni novim na\u010dinima u skladu sa vremenom u kojem \u017eivimo i trendovima kojih je sve vi\u0161e. Sa kreiranjem modernih stranica te aplikacija sve to mo\u017eete raditi u udobnosti svoje fotelje. U takvoj ekspanziji su se razvile mnoge firme, korporacije odnosno kladionice nude\u0107i usluge kla\u0111enja. U bogatoj ponudi zaista mo\u017eete odabrati upravu odre\u0111enu kladionicu koja vama odgovara sa na\u010dinom i ponudom pravljenu upravo za vas. <\/span><\/p><ul><li class=\"p1\"><span class=\"s1\">22Bet<\/span><\/li><li class=\"p1\"><span class=\"s1\">Bet365<\/span><\/li><li class=\"p1\"><span class=\"s1\">Mozzart<\/span><\/li><li class=\"p1\"><span class=\"s1\">CampoBet<\/span><\/li><li class=\"p1\"><span class=\"s1\">Meridianbet<\/span><\/li><li class=\"p1\"><span class=\"s1\">Bet-at-home<\/span><\/li><li class=\"p1\"><span class=\"s1\">Betwinner<\/span><\/li><li class=\"p1\"><span class=\"s1\">Pinnacle<\/span><\/li><li class=\"p1\"><span class=\"s1\">Matchbook<\/span><\/li><li class=\"p1\"><span class=\"s1\">BetMaster<\/span><\/li><\/ul><h2 class=\"p1\"><span class=\"s1\">Najbolje online kladionice u Srbiji<\/span><\/h2><p class=\"p1\"><span class=\"s1\">U ovu kategoriju zaista mo\u017eemo ubrojati veliki broj kladionica koje su prisutne i nude usluge kla\u0111enja te bi bilo te\u0161ko izdvojiti samo neke jer bi time u startu odre\u0111eni broj favorizovali a opet neke isklju\u010dili iz takve pretrage. S tim u vezi \u0107emo navesti ve\u0107i broj njih kao i glavne karakteristike ili ne\u0161to \u0161to jednu razlikuje od druge, tre\u0107e itd.<\/span><\/p><p class=\"p1\"><span class=\"s1\"><b>22Bet<\/b> online kla\u0111enje dolazi sa svim prednostima koje mo\u017eete zamisliti za dr\u017eavljane Srbije ali i regiona \u0161to zna\u010di da je \u0161irem krugu ljudi dostupna. Sam dizajn stranice je pristupa\u010dan krajnjim korisnicima sa svim ponudama i akcijama koje su aktuelne kao i me\u010devima i raznim sportovima. Registracija je vrlo jednostavna kao i kod ostalih ponu\u0111a\u010da odnosno unos imena i prezimena, lozinke, e mail adrese , biranje valute i jezika koje \u017eelite. 22Bet bonusi su razli\u010diti te zavisno od vremena registracije imat \u0107ete ih vi\u0161e u ponudi i opcijama. Pre svega po\u010detni bonus dobrodo\u0161lice je prisutan za uloge odnosno depozite od 1 eura do 122 eura. Da bi isti povukli tj uradili isplatu potrebno je isti obrnuti 5 puta na kombinovanim tiketima gde se minimalno mora raditi o 3 utakmice sa kvotom ne ni\u017eom od 1.40. Ostali bonusi kao i ovaj prethodno se mogu iskoristiti u roku od 7 dana te depoziti za kriptovalute nisu dozvoljeni. Tu je i takozvani cash back bonus gde vam se odre\u0111en procenat izgubljenog depozita vra\u0107a na va\u0161 ra\u010dun. Uklju\u010deno je zaista mnogo tipova kla\u0111enja i raznih opcija koje \u0107ete istra\u017eiti tek po registraciji na stranicu kao i sportova koji i nisu toliko popularni a imat \u0107ete opciju uklju\u010diti i njih u igru i kla\u0111enje. Mogu\u0107e je igrati i u\u017eivo kla\u0111enje koje igra\u010du daje vi\u0161e od 300 opcija \u0161to je za svaku pohvalu.<\/span><\/p><p class=\"p1\"><span class=\"s1\"><b>Bet365<\/b> sa svojim specifi\u010dnostima i bonusima kao i inovativnim idejama da zadr\u017ei svoje igra\u010de i da privu\u010de nove jeste jedan od najboljih i povoljniji kladionica online. Konkuretne su kvote u odnosu na ostalu konkurenciju, veliki broj sportova kao i sigurnost svojih igra\u010da odlikuje ovu online kladionicu. Svi igra\u010di dobijaju bonuse dobrodo\u0161lice i to dupli iznos od polo\u017eenog depozita \u0161to je za na\u0161e igra\u010de veoma bitna stvar i iznana\u0111uju\u0107e pozitivna. Pored ovog postoji i bonus za igra\u010de koji imaju i malo sre\u0107e a usmeren je na razli\u010dite sportove. Recimo u slu\u010daju da se utakmica zavr\u0161i nere\u0161eno 0-0 bet365 \u0107e vam vratiti va\u0161 ulo\u017eeni novac. Tako\u0111e ukoliko se opkladite pre po\u010detka me\u010da za isti ulog \u0107ete mo\u0107i odigrati i u\u017eivo besplatnu opkladu. Potpuno legalna stranica za kla\u0111enje sa validnim licencama. Stranica je veoma jednostavno pode\u0161ena i lagana za koristiti kao i kod ostalih interfejs je poznat od ranije te ne\u0107e biti problema se sna\u0107i \u0161ta god da vam je potrebno. Aplikacija je ura\u0111ena odli\u010dno, jedna od boljih reklo bi se, lako za skinuti i za par minuta je spremna za kori\u0161tenje.<\/span><\/p><p class=\"p1\"><span class=\"s1\"><b>Maxbet<\/b> stranica je pomalo \u201estaromodna\u201c pri samom ulazu i na\u010dinu rasporeda bannera i padaju\u0107eg menija. Ono \u0161to prvo moramo ista\u0107i jeste da je software za u\u017eivo kla\u0111enje na zavidom nivou i sa tim \u0107ete sigurno biti zadovoljni. Dodatna stvar koja ide u prilog ovoj stranici jeste da je dozvoljeno kla\u0111enje i za dr\u017eavljane Srbije, kao i Bosne i Hercegovine i Crne Gore. Registracija je jednostavna s tim da pored ostalih podataka tra\u017ei se mati\u010dni broj i broj li\u010dne karte gde \u0107ete morati naknadno potvrditi konfirmacioni e-mail i stvar je gotova. Licence su validne i ovo je siguran na\u010din kla\u0111enja. Bonus dobrodo\u0161lice je u visini od 25% visine depozita. Opcija cash out je tako\u0111e zanimljiva i daje mogu\u0107nost trenutne isplate pre nego se zavr\u0161ile utakmice na tiketu. Mnogi su sportovi zastupljeni kao i mnoge opcije i tipovi kla\u0111enja od azijskih hendikepa do raznih igara na golove i specijalnih tipova. Isplata i metode su tako\u0111e ura\u0111ene na idu na ruku igra\u010da. Mogu\u0107e je uplate vr\u0161iti karticama Visa, Mastercard i Maestro. Sigurnosni sistem je dobro ura\u0111en te nema bojazni da \u0107e se va\u0161i podaci zloupotrebljavati u druge svrhe.<\/span><\/p><h2 class=\"p3\"><span class=\"s1\">Recenzije Sportskih Kladionica<\/span><\/h2><p class=\"p3\"><span class=\"s1\"><img loading=\"lazy\" decoding=\"async\" class=\"size-medium wp-image-266 alignleft\" src=\"https:\/\/sportskekladionice.online\/wp-content\/uploads\/2021\/06\/file-20181214-185261-17r6cj9-300x300.jpeg\" alt=\"Recenzije Sportskih Kladionica\" width=\"300\" height=\"300\" srcset=\"https:\/\/sportskekladionice.online\/wp-content\/uploads\/2021\/06\/file-20181214-185261-17r6cj9-300x300.jpeg 300w, https:\/\/sportskekladionice.online\/wp-content\/uploads\/2021\/06\/file-20181214-185261-17r6cj9-1024x1024.jpeg 1024w, https:\/\/sportskekladionice.online\/wp-content\/uploads\/2021\/06\/file-20181214-185261-17r6cj9-150x150.jpeg 150w, https:\/\/sportskekladionice.online\/wp-content\/uploads\/2021\/06\/file-20181214-185261-17r6cj9-768x768.jpeg 768w, https:\/\/sportskekladionice.online\/wp-content\/uploads\/2021\/06\/file-20181214-185261-17r6cj9.jpeg 1200w\" sizes=\"auto, (max-width: 300px) 100vw, 300px\" \/>U mno\u0161tvu ponude kada je u pitanju sportska kladionica te\u0161ko je izdvojiti u jednom tekstu neke kojima bi dali prednost a zanemariti opet druge koja sa sobom nose sve prednosti kla\u0111enja i tipovanja kroz akcije, bonuse i same aplikacije. Tako primera radi <b>Mozzart kladionicu<\/b> karakteri\u0161e velika ponuda sportova na koje mo\u017eete da upla\u0107ujete \u0161to npr kod nekih drugih nije slu\u010daj il bar ne u ovoj meri. Jo\u0161 jedna zanimljiva informacija jeste da je dostupno kla\u0111enje za igra\u010de iz Hrvatske. Bezbednost korisnika je u prvom planu te je sajt vrlo fluidan i jednostavno koncipiran. Tu je svakako i aplikacija za mobilno kla\u0111enje koju \u0107ete za \u010das posla instalirati na va\u0161 mobilni ili tablet. <\/span><\/p><p class=\"p3\"><span class=\"s1\">Kao zamerka mogli bi navesti da ne nudi ponudu azijskog hendikepa pa ukoliko neko od vas i ne mari toliko za tim onda mu i nije smetnja pri odabiru kladionice. <b>22BET<\/b> je tako\u0111e odli\u010dna kladionica koju gledaju\u0107i same recenzije mnogo obe\u0107ava i izgleda da je zadobila poverenje velikog kruga igra\u010da. Odlikuje je velika pokrivenost sportovima i raznim tipovima koje ste i imali mo\u017eda priliku videti obzirom da joj je marking ja\u010da strana. Ukoliko se odlu\u010dite svoju sre\u0107u oku\u0161ati u ovoj kladionici mo\u017eete ra\u010dunati na male margine i odli\u010dne kvote. Sigurni smo da \u0107ete na\u0107i ponudu koja ta\u010dno vama odgovara. <b>Meridianbet <\/b>odlikuje pre svega moderan dizajn koji \u0107e vas privu\u0107i ali sa razlogom. Tipovi, opcije i aktuelni me\u010devi su<span class=\"Apple-converted-space\">\u00a0 <\/span>lako dostupni i za po\u010detnike. Bonusa ima raznih od po\u010detnih do povrata odre\u0111enih stvari na depozit kako i akcije na kla\u0111enje u\u017eivo \u0161to nije karakteristika svih kladionica na tr\u017ei\u0161tu Srbije. <b>FEZbet<\/b> jo\u0161 jedna u nizu koju sigurno trebate razmotriti. U ponudi sadr\u017ei mnogo sportova i marketa koji sigurno zadovoljavaju va\u0161e zahteve i \u017eelje. Karakteri\u0161e je niske margine i vi\u0161e nego odli\u010dni koeficienti. Jedna razlika u odnosu na nekoliko drugih jeste da prihvataju kriptovalute \u0161to mo\u017ee biti velika prednost u odnosu na ostale. Kriptovalute u svetu sve vi\u0161e postaju zna\u010dajniji faktor u pla\u0107anju i polaganju depozita.<\/span><\/p><h2 class=\"p3\"><span class=\"s1\">Vjesti iz svijeta sporta<\/span><\/h2><p class=\"p3\"><span class=\"s1\">Jedna zanimljiva vest dolazi sa Eura 2021 u me\u010du utakmice Nema\u010dke i Francuske. Naime, prije samog po\u010detka utakmica desilo se ne\u0161to neo\u010dekivano. Aktivist Greenpeacea paraglajderom se nadvio nad stadionom Allianz Arena pred kojim se \u010dekao po\u010detak utakmice Evropskog prvestva. Na po\u010detku je izgledalo da je re\u010d o nekoj \u0161ali ili neukusnom na\u010dinu promoviranja. Me\u0111utim poruka na samom parobranu jeste smanjenje kori\u0161tenja ulja kao ekolo\u0161ke katastrofe kojoj trend raste. Katastrofa se na svu sre\u0107u izbjegla jer paraglajder nije uspio odma iskontrolisati se u zraku ali na kraju je sve dobro zavr\u0161eno. Pri samom sletanju na stadio de\u017eurni redari su ga obezbedili a odma potom izveli napolje.<\/span><\/p><p class=\"p3\"><span class=\"s1\">Na pres konferenciji pred utakmicu Portugala protiv Ma\u0111arske na Euru 2021 desila se nesvakida\u0161nja scena. Naime, portugalac Christiano Ronaldo spremaju\u0107i se dati izjavu je uradio \u010din koji je ve\u0107 odjeknuo \u0161irom svijeta. Na stolu ispred njega su bile dve kole koje je primetiv\u0161i ih na stolu pomaknuo u stranu i umjesto njih stavio bocu obi\u010dne vode uz poruku: Pijite vodu a ne Coca Colu.<\/span><\/p><h2 class=\"p3\"><span class=\"s1\">Promocije i Bonusi<\/span><\/h2><p class=\"p3\"><span class=\"s1\">Obzirom da smo se ranije u tekstu ve\u0107 dotakli bonusa i promotnih akcija ovdje \u0107emo razraditi jo\u0161 par njih kako bi imali uvid u \u0161to vi\u0161e bonusa kako bi bilo dobro informisani te u skladu sa tim odabrali va\u0161 tip kladionice. Svi igra\u010di koji si okusili igre na sre\u0107u bilo koje vrste su bar jednom ostali praznog ra\u010duna \u0161to zbog nesretnih okolnosti, zbog va\u0161e gre\u0161ke i sl. U tom slu\u010daju odre\u0111ene kladionice vam nude <b>reload bonus<\/b> kojim dobijate odre\u0111eni bonus procent na drugi, tre\u0107i pa \u010dak i vi\u0161i depozit. To vam daje \u0161ansu da vratite izgubljeni novac.<\/span><\/p><p class=\"p3\"><span class=\"s1\"><b>Kazino bonusi<\/b> su jo\u0161 jedna vartijanta koju ako niste probali u svakom slu\u010daju bi trebali. Pri samoj registraciji ako ste iskoristili svoj bonus ve\u0107 ranije dobra stvar je da registracijom na online kazino mo\u017eete ostvariti dodatne pogodnosti. Bonusi su raznovrsni a uklju\u010duju besplatne spinove, besplatne bingo tikete i sl.<\/span><\/p><p class=\"p3\"><span class=\"s1\">Kod svetskih,evropskih i ostalih bitnih \u0161ampionata kladionice se utrkuju za svoje igra\u010de i \u0161to bolje ponude i kvote. U tom pogledu tr\u017ei\u0161te ide korak dalje te za vreme trajanja zna\u010dajnog de\u0161avanja mo\u017eete ostvariti <b>ostale bonuse i promocije<\/b> od zaista uve\u0107anih kvota, preko igara koje garantuju povrat novca \u010dak i besplatnih kla\u0111enja.<\/span><\/p><h2 class=\"p3\"><span class=\"s1\">U\u017eivo kla\u0111enje. U\u017eivo prenose na fudbalske me\u010deve<\/span><\/h2><p class=\"p3\"><span class=\"s1\">Uzimaju\u0107i u obzir da je Euro 2021 ve\u0107 po\u010deo mnogo je ljudi zainteresovalo kako u pra\u0107enju kreme nogometa Evrope tako i ponude i kvote za na\u0161e igra\u010de. Kako je pandemija ugrozila sve pa i fanove fudbala kona\u010dno se vra\u0107a postepeno vremene pre pandemije. Prenose u\u017eivo Eura2021 na\u017ealost slabo prenose kablovski operatori. Prvak u pogledu toga mo\u017eemo slobodno ista\u0107i jeste <b>sportska kladionica Bet365<\/b>. Stoga \u0161to prije se registrujte polo\u017eite neki po\u010detni depozit uz koji \u0107ete dobiti sigurno bonus dobrodo\u0161lice i na taj na\u010din ostvarite pravo da neometano gledate prenose EURA2021 u\u017eivo kao naravno i drugih sportskih doga\u0111aja. Izme\u0111u ostalog tu ponudu tako\u0111e promovi\u0161u i druge kladionice vredne pomena kao npr <b>Unibet <\/b>i <b>Bet-at-home<\/b>.<\/span><\/p><h2 class=\"p3\"><span class=\"s1\">FAQ<\/span><\/h2><p class=\"p1\"><strong><span class=\"s1\">Postoje li neke igre izvla\u010denja koje su svakodnevne i koja su pravila gde se igraju?<\/span><\/strong><\/p><p class=\"p1\"><span class=\"s1\">Postoje igre u kojima se svakodnevno izvla\u010de dobitnici kao \u0161to je \u201eWinner of day\u201c. Ako se izvu\u010de dobitnik i isti se uloguje na stranicu isti dan dobija nagradu od 500 eura. U slu\u010daju da se ne uloguje sljede\u0107eg dana nagrada se uve\u0107ava za 50 eura i tako sve nadalje gde zna biti nagrada preko 1.000 eura.<\/span><\/p><p class=\"p1\"><span class=\"s1\">Posebno bi se mogla ista\u0107i i igra \u201eTko \u0107e izdr\u017eati du\u017ee\u201c gde je potrebno uplatiti bet svakog dana te onaj \u010dlan koji izdr\u017ei najdu\u017ee postaje pobednik. U tom slu\u010daju osvaja nagradu i postaje vlasnik Porshea 911 kojem se vrednost kre\u0107e oko 100.000 eura.<\/span><\/p><p class=\"p1\"><strong><span class=\"s1\">Koja je najbolja kladionica za kla\u0111enja u\u017eivo?<\/span><\/strong><\/p><p class=\"p1\"><span class=\"s1\">Ukoliko ste \u010ditali ranije \u010dlanke i informisali se mogli ste primetiti da je vi\u0161e puta nagla\u0161eno da nema najbolje ili najgore kladionice te je to sve stvar \u017eelja i mogu\u0107nosti samog igra\u010da. S tim u vezi zavisno od ponude svake kladionice mo\u017ee se odabrati \u0161ta svako \u017eeli i koje pogodnosti ga interesuju. Kla\u0111enje u\u017eivo je svakako jedno od najtra\u017eenijih na\u010dina kla\u0111enja te se sve kladionice manje-vi\u0161e takmi\u010de kako bi napravili \u0161to bolju ponudu i time privukli \u0161to vi\u0161e igra\u010da. U obzir dole ne samo visoke kvote, nego i na\u010din funkcionisanja stranice, brzina aplikacije, jednostavan prikaz i sl. Jedna kompanija prednja\u010di u svemu ovome a to je Bet at home u\u017eivo kla\u0111enje koja je nadma\u0161ila o\u010dekivanja, ostvarila veoma visoke recenzije i privukla najvi\u0161e korisnika krajnje usluge.<\/span><\/p><p class=\"p1\"><strong><span class=\"s1\">Postoji li neka podr\u0161ka igra\u010dima koji se klade i ima li predvi\u0111anja odre\u0111enih me\u010deva ili tipova?<\/span><\/strong><\/p><p class=\"p1\"><span class=\"s1\">Na\u0161 tim ljudi verno radi na kreiranju sadr\u017eaja koji \u0107e biti koristan za sve od po\u010detnika koji je prvi put ovde do iskusnih igra\u010da koji analiziraju stvari do samog detalja. Na na\u0161im stranicama postoji zaista bogat sadr\u017eaj vezanih za sva va\u0161a eventualna pitanja gde je vidljivo i da na ista odgovaramo i pru\u017eamo na taj na\u010din podru\u0161ku vama i svim ostalim zainteresovanim. Postoji tim ljudi koji savetuju vas kako se kladiti, daju razne tipove koji su detaljno<span class=\"Apple-converted-space\">\u00a0 <\/span>analizirani. Eksperti za to vr\u0161e detaljne analize i statisti\u010dke podatke, aktuelne trendove te na osnovu znanja i iskustva daju preporuke koje svakako bi trebalo uzeti u obzir pri uplati na odre\u0111ene sportove ili kvote. <\/span><\/p>\t\t\t\t\t\t<\/div>\n\t\t\t\t<\/div>\n\t\t\t\t\t<\/div>\n\t\t<\/div>\n\t\t\t\t\t\t\t<\/div>\n\t\t<\/section>\n\t\t\t\t\t\t<\/div>\n\t\t\t\t\t<\/div>\n\t\t","protected":false},"excerpt":{"rendered":"<p>Sportske Kladionice Online 2021- Spisak Sportskih Kladionica U modernom svetu danas je sve na klik dostupno. Sa pomeranjem tr\u017ei\u0161ta na svim poljima i svet igara na sre\u0107u je oti\u0161ao u tom pravcu. Tradicionalni na\u010dini kla\u0111enja, uplata i isplata su odve\u0107 prevazi\u0111eni te su zamenjeni novim na\u010dinima u skladu sa vremenom u kojem \u017eivimo i trendovima &#8230; <a title=\"Sportske Kladionice Online 2021- Spisak Sportskih Kladionica\" class=\"read-more\" href=\"https:\/\/sportskekladionice.online\/\" aria-label=\"More on Sportske Kladionice Online 2021- Spisak Sportskih Kladionica\">Op\u0161irnije<\/a><\/p>\n","protected":false},"author":1,"featured_media":0,"parent":0,"menu_order":0,"comment_status":"closed","ping_status":"closed","template":"","meta":{"footnotes":""},"class_list":["post-9","page","type-page","status-publish"],"yoast_head":"<!-- This site is optimized with the Yoast SEO plugin v16.5 - https:\/\/yoast.com\/wordpress\/plugins\/seo\/ -->\n<title>Sportske Kladionice Online 2021- Spisak Sportskih Kladionica - Sportske Kladionice<\/title>\n<meta name=\"robots\" content=\"index, follow, max-snippet:-1, max-image-preview:large, max-video-preview:-1\" \/>\n<link rel=\"canonical\" href=\"https:\/\/sportskekladionice.online\/\" \/>\n<meta property=\"og:locale\" content=\"bs_BA\" \/>\n<meta property=\"og:type\" content=\"article\" \/>\n<meta property=\"og:title\" content=\"Sportske Kladionice Online 2021- Spisak Sportskih Kladionica - Sportske Kladionice\" \/>\n<meta property=\"og:description\" content=\"Sportske Kladionice Online 2021- Spisak Sportskih Kladionica U modernom svetu danas je sve na klik dostupno. Sa pomeranjem tr\u017ei\u0161ta na svim poljima i svet igara na sre\u0107u je oti\u0161ao u tom pravcu. Tradicionalni na\u010dini kla\u0111enja, uplata i isplata su odve\u0107 prevazi\u0111eni te su zamenjeni novim na\u010dinima u skladu sa vremenom u kojem \u017eivimo i trendovima ... Op\u0161irnije\" \/>\n<meta property=\"og:url\" content=\"https:\/\/sportskekladionice.online\/\" \/>\n<meta property=\"og:site_name\" content=\"Sportske Kladionice\" \/>\n<meta property=\"article:modified_time\" content=\"2021-06-21T13:38:14+00:00\" \/>\n<meta property=\"og:image\" content=\"https:\/\/sportskekladionice.online\/wp-content\/uploads\/2021\/06\/kladenje-uzivo-300x150.png\" \/>\n<meta name=\"twitter:card\" content=\"summary_large_image\" \/>\n<meta name=\"twitter:label1\" content=\"Est. reading time\" \/>\n\t<meta name=\"twitter:data1\" content=\"10 minuta\" \/>\n<script type=\"application\/ld+json\" class=\"yoast-schema-graph\">{\"@context\":\"https:\/\/schema.org\",\"@graph\":[{\"@type\":\"WebSite\",\"@id\":\"https:\/\/sportskekladionice.online\/#website\",\"url\":\"https:\/\/sportskekladionice.online\/\",\"name\":\"Sportske Kladionice\",\"description\":\"\",\"potentialAction\":[{\"@type\":\"SearchAction\",\"target\":\"https:\/\/sportskekladionice.online\/?s={search_term_string}\",\"query-input\":\"required name=search_term_string\"}],\"inLanguage\":\"bs-BA\"},{\"@type\":\"ImageObject\",\"@id\":\"https:\/\/sportskekladionice.online\/#primaryimage\",\"inLanguage\":\"bs-BA\",\"url\":\"https:\/\/sportskekladionice.online\/wp-content\/uploads\/2021\/06\/kladenje-uzivo.png\",\"contentUrl\":\"https:\/\/sportskekladionice.online\/wp-content\/uploads\/2021\/06\/kladenje-uzivo.png\",\"width\":765,\"height\":383,\"caption\":\"Sportske Kladionice Online 2021- Spisak Sportskih Kladionica\"},{\"@type\":\"WebPage\",\"@id\":\"https:\/\/sportskekladionice.online\/#webpage\",\"url\":\"https:\/\/sportskekladionice.online\/\",\"name\":\"Sportske Kladionice Online 2021- Spisak Sportskih Kladionica - Sportske Kladionice\",\"isPartOf\":{\"@id\":\"https:\/\/sportskekladionice.online\/#website\"},\"primaryImageOfPage\":{\"@id\":\"https:\/\/sportskekladionice.online\/#primaryimage\"},\"datePublished\":\"2019-05-21T20:28:32+00:00\",\"dateModified\":\"2021-06-21T13:38:14+00:00\",\"breadcrumb\":{\"@id\":\"https:\/\/sportskekladionice.online\/#breadcrumb\"},\"inLanguage\":\"bs-BA\",\"potentialAction\":[{\"@type\":\"ReadAction\",\"target\":[\"https:\/\/sportskekladionice.online\/\"]}]},{\"@type\":\"BreadcrumbList\",\"@id\":\"https:\/\/sportskekladionice.online\/#breadcrumb\",\"itemListElement\":[{\"@type\":\"ListItem\",\"position\":1,\"name\":\"Home\",\"item\":\"https:\/\/sportskekladionice.online\/\"},{\"@type\":\"ListItem\",\"position\":2,\"name\":\"Sportske Kladionice Online 2021- Spisak Sportskih Kladionica\"}]}]}<\/script>\n<!-- \/ Yoast SEO plugin. -->","_links":{"self":[{"href":"https:\/\/sportskekladionice.online\/index.php\/wp-json\/wp\/v2\/pages\/9","targetHints":{"allow":["GET"]}}],"collection":[{"href":"https:\/\/sportskekladionice.online\/index.php\/wp-json\/wp\/v2\/pages"}],"about":[{"href":"https:\/\/sportskekladionice.online\/index.php\/wp-json\/wp\/v2\/types\/page"}],"author":[{"embeddable":true,"href":"https:\/\/sportskekladionice.online\/index.php\/wp-json\/wp\/v2\/users\/1"}],"replies":[{"embeddable":true,"href":"https:\/\/sportskekladionice.online\/index.php\/wp-json\/wp\/v2\/comments?post=9"}],"version-history":[{"count":12,"href":"https:\/\/sportskekladionice.online\/index.php\/wp-json\/wp\/v2\/pages\/9\/revisions"}],"predecessor-version":[{"id":274,"href":"https:\/\/sportskekladionice.online\/index.php\/wp-json\/wp\/v2\/pages\/9\/revisions\/274"}],"wp:attachment":[{"href":"https:\/\/sportskekladionice.online\/index.php\/wp-json\/wp\/v2\/media?parent=9"}],"curies":[{"name":"wp","href":"https:\/\/api.w.org\/{rel}","templated":true}]}}